{"id":7541,"date":"2023-03-16T14:10:22","date_gmt":"2023-03-16T13:10:22","guid":{"rendered":"https:\/\/www.chateaulesoliviersdesalettes.com\/?page_id=7541"},"modified":"2023-12-14T10:33:25","modified_gmt":"2023-12-14T09:33:25","slug":"montelimar-what-to-do-in-montelimar","status":"publish","type":"page","link":"https:\/\/www.chateaulesoliviersdesalettes.com\/en\/tourisme-drome-provencale-tourisme\/montelimar-que-faire-a-montelimar\/","title":{"rendered":"Mont\u00e9limar"},"content":{"rendered":"<div data-elementor-type=\"wp-page\" data-elementor-id=\"7541\" class=\"elementor elementor-7541\" data-elementor-post-type=\"page\">\n\t\t\t\t\t\t<section class=\"elementor-section elementor-top-section elementor-element elementor-element-d6c7843 elementor-section-full_width elementor-section-height-min-height elementor-section-height-default elementor-section-items-middle\" data-id=\"d6c7843\" data-element_type=\"section\" data-e-type=\"section\" data-settings=\"{&quot;background_background&quot;:&quot;classic&quot;}\">\n\t\t\t\t\t\t\t<div class=\"elementor-background-overlay\"><\/div>\n\t\t\t\t\t\t\t<div class=\"elementor-container elementor-column-gap-default\">\n\t\t\t\t\t<div class=\"elementor-column elementor-col-100 elementor-top-column elementor-element elementor-element-88bef6c\" data-id=\"88bef6c\" data-element_type=\"column\" data-e-type=\"column\">\n\t\t\t<div class=\"elementor-widget-wrap elementor-element-populated\">\n\t\t\t\t\t\t<div class=\"elementor-element elementor-element-02b3a38 elementor-widget elementor-widget-heading\" data-id=\"02b3a38\" data-element_type=\"widget\" data-e-type=\"widget\" data-widget_type=\"heading.default\">\n\t\t\t\t<div class=\"elementor-widget-container\">\n\t\t\t\t\t<h1 class=\"elementor-heading-title elementor-size-default\">What to do in Mont\u00e9limar?<\/h1>\t\t\t\t<\/div>\n\t\t\t\t<\/div>\n\t\t\t\t\t<\/div>\n\t\t<\/div>\n\t\t\t\t\t<\/div>\n\t\t<\/section>\n\t\t\t\t<section class=\"elementor-section elementor-top-section elementor-element elementor-element-99f5059 elementor-section-boxed elementor-section-height-default elementor-section-height-default\" data-id=\"99f5059\" data-element_type=\"section\" data-e-type=\"section\" data-settings=\"{&quot;background_background&quot;:&quot;classic&quot;}\">\n\t\t\t\t\t\t\t<div class=\"elementor-background-overlay\"><\/div>\n\t\t\t\t\t\t\t<div class=\"elementor-container elementor-column-gap-default\">\n\t\t\t\t\t<div class=\"elementor-column elementor-col-50 elementor-top-column elementor-element elementor-element-caa8998\" data-id=\"caa8998\" data-element_type=\"column\" data-e-type=\"column\">\n\t\t\t<div class=\"elementor-widget-wrap elementor-element-populated\">\n\t\t\t\t\t\t<div class=\"elementor-element elementor-element-d9f3b11 elementor-widget elementor-widget-heading\" data-id=\"d9f3b11\" data-element_type=\"widget\" data-e-type=\"widget\" data-widget_type=\"heading.default\">\n\t\t\t\t<div class=\"elementor-widget-container\">\n\t\t\t\t\t<h2 class=\"elementor-heading-title elementor-size-default\">Specialities of Mont\u00e9limar<\/h2>\t\t\t\t<\/div>\n\t\t\t\t<\/div>\n\t\t\t\t<div class=\"elementor-element elementor-element-fb25cbd elementor-widget elementor-widget-text-editor\" data-id=\"fb25cbd\" data-element_type=\"widget\" data-e-type=\"widget\" data-widget_type=\"text-editor.default\">\n\t\t\t\t<div class=\"elementor-widget-container\">\n\t\t\t\t\t\t\t\t\t<p>In the heart of the Dr\u00f4me Proven\u00e7ale, Mont\u00e9limar is a town full of activities. 2<sup>\u00e8me<\/sup> Mont\u00e9limar, a town in the Dr\u00f4me and only an hour and a half from Lyon and Marseille, is the ideal place to get away from it all for a weekend. A thousand year old town steeped in history, it has seen the ages pass by and the walls of its castle have witnessed many events. In addition to the visit of the castle of Mont\u00e9limar and the historical discovery of the city, its heritage is multiple.<\/p>\t\t\t\t\t\t\t\t<\/div>\n\t\t\t\t<\/div>\n\t\t\t\t<div class=\"elementor-element elementor-element-f0c852e elementor-widget elementor-widget-text-editor\" data-id=\"f0c852e\" data-element_type=\"widget\" data-e-type=\"widget\" data-widget_type=\"text-editor.default\">\n\t\t\t\t<div class=\"elementor-widget-container\">\n\t\t\t\t\t\t\t\t\t<p>Mont\u00e9limar is known for its famous nougat, considered by some as the best nougat in the world. This is an opportunity to melt with pleasure while tasting it and to learn a little more by visiting the Nougat Museum. You can also watch it being made in several of the town's factories, which regularly open their doors to the public so that you can discover the different stages that give it its exceptional character.<\/p>\t\t\t\t\t\t\t\t<\/div>\n\t\t\t\t<\/div>\n\t\t\t\t\t<\/div>\n\t\t<\/div>\n\t\t\t\t<div class=\"elementor-column elementor-col-50 elementor-top-column elementor-element elementor-element-0e33b50\" data-id=\"0e33b50\" data-element_type=\"column\" data-e-type=\"column\">\n\t\t\t<div class=\"elementor-widget-wrap elementor-element-populated\">\n\t\t\t\t\t\t<div class=\"elementor-element elementor-element-eb64b02 elementor-widget elementor-widget-image\" data-id=\"eb64b02\" data-element_type=\"widget\" data-e-type=\"widget\" data-widget_type=\"image.default\">\n\t\t\t\t<div class=\"elementor-widget-container\">\n\t\t\t\t\t\t\t\t\t\t\t\t\t\t\t<img fetchpriority=\"high\" decoding=\"async\" width=\"1500\" height=\"1000\" src=\"https:\/\/www.chateaulesoliviersdesalettes.com\/wp-content\/uploads\/2023\/03\/nougat-montelimar.jpg\" class=\"attachment-full size-full wp-image-7600\" alt=\"Mont\u00e9limar nougat\" srcset=\"https:\/\/www.chateaulesoliviersdesalettes.com\/wp-content\/uploads\/2023\/03\/nougat-montelimar.jpg 1500w, https:\/\/www.chateaulesoliviersdesalettes.com\/wp-content\/uploads\/2023\/03\/nougat-montelimar-300x200.jpg 300w, https:\/\/www.chateaulesoliviersdesalettes.com\/wp-content\/uploads\/2023\/03\/nougat-montelimar-1024x683.jpg 1024w, https:\/\/www.chateaulesoliviersdesalettes.com\/wp-content\/uploads\/2023\/03\/nougat-montelimar-768x512.jpg 768w, https:\/\/www.chateaulesoliviersdesalettes.com\/wp-content\/uploads\/2023\/03\/nougat-montelimar-18x12.jpg 18w\" sizes=\"(max-width: 1500px) 100vw, 1500px\" title=\"Photo -\">\t\t\t\t\t\t\t\t\t\t\t\t\t\t\t<\/div>\n\t\t\t\t<\/div>\n\t\t\t\t\t<\/div>\n\t\t<\/div>\n\t\t\t\t\t<\/div>\n\t\t<\/section>\n\t\t\t\t<section class=\"elementor-section elementor-top-section elementor-element elementor-element-892e274 elementor-section-boxed elementor-section-height-default elementor-section-height-default\" data-id=\"892e274\" data-element_type=\"section\" data-e-type=\"section\" data-settings=\"{&quot;background_background&quot;:&quot;classic&quot;}\">\n\t\t\t\t\t\t<div class=\"elementor-container elementor-column-gap-default\">\n\t\t\t\t\t<div class=\"elementor-column elementor-col-50 elementor-top-column elementor-element elementor-element-f4df38f\" data-id=\"f4df38f\" data-element_type=\"column\" data-e-type=\"column\" data-settings=\"{&quot;background_background&quot;:&quot;classic&quot;}\">\n\t\t\t<div class=\"elementor-widget-wrap elementor-element-populated\">\n\t\t\t\t\t\t<section class=\"elementor-section elementor-inner-section elementor-element elementor-element-c2ed637 elementor-section-boxed elementor-section-height-default elementor-section-height-default\" data-id=\"c2ed637\" data-element_type=\"section\" data-e-type=\"section\" data-settings=\"{&quot;background_background&quot;:&quot;classic&quot;}\">\n\t\t\t\t\t\t<div class=\"elementor-container elementor-column-gap-default\">\n\t\t\t\t\t<div class=\"elementor-column elementor-col-100 elementor-inner-column elementor-element elementor-element-1a47b85\" data-id=\"1a47b85\" data-element_type=\"column\" data-e-type=\"column\" data-settings=\"{&quot;background_background&quot;:&quot;classic&quot;}\">\n\t\t\t<div class=\"elementor-widget-wrap elementor-element-populated\">\n\t\t\t\t\t\t<div class=\"elementor-element elementor-element-386727c elementor-widget elementor-widget-heading\" data-id=\"386727c\" data-element_type=\"widget\" data-e-type=\"widget\" data-widget_type=\"heading.default\">\n\t\t\t\t<div class=\"elementor-widget-container\">\n\t\t\t\t\t<h2 class=\"elementor-heading-title elementor-size-default\">and its surroundings<\/h2>\t\t\t\t<\/div>\n\t\t\t\t<\/div>\n\t\t\t\t<div class=\"elementor-element elementor-element-65f4fe3 elementor-widget elementor-widget-text-editor\" data-id=\"65f4fe3\" data-element_type=\"widget\" data-e-type=\"widget\" data-widget_type=\"text-editor.default\">\n\t\t\t\t<div class=\"elementor-widget-container\">\n\t\t\t\t\t\t\t\t\t<p>Mont\u00e9limar is also the ideal starting point for visiting the <strong><a href=\"https:\/\/www.chateaulesoliviersdesalettes.com\/en\/drome-provencale-tourism\/baronnies-provencales-the-most-beautiful-villages-in-the-baronnies-provencales\/\">hilltop villages<\/a><\/strong> of its conurbation. Marsanne, Puygiron, La Laupie, Saint-Gervais-sur-Roubion, Sauzet and Savasse all seem to be suspended above the valleys that surround them. Nestling on the hills, these villages are well worth discovering, both for their unique locations and for the bucolic atmosphere that characterises them.<\/p>\t\t\t\t\t\t\t\t<\/div>\n\t\t\t\t<\/div>\n\t\t\t\t\t<\/div>\n\t\t<\/div>\n\t\t\t\t\t<\/div>\n\t\t<\/section>\n\t\t\t\t\t<\/div>\n\t\t<\/div>\n\t\t\t\t<div class=\"elementor-column elementor-col-50 elementor-top-column elementor-element elementor-element-8b2c2cb elementor-hidden-mobile\" data-id=\"8b2c2cb\" data-element_type=\"column\" data-e-type=\"column\">\n\t\t\t<div class=\"elementor-widget-wrap\">\n\t\t\t\t\t\t\t<\/div>\n\t\t<\/div>\n\t\t\t\t\t<\/div>\n\t\t<\/section>\n\t\t\t\t<section class=\"elementor-section elementor-top-section elementor-element elementor-element-4d54fe9 elementor-section-full_width elementor-section-height-default elementor-section-height-default\" data-id=\"4d54fe9\" data-element_type=\"section\" data-e-type=\"section\" data-settings=\"{&quot;background_background&quot;:&quot;classic&quot;}\">\n\t\t\t\t\t\t\t<div class=\"elementor-background-overlay\"><\/div>\n\t\t\t\t\t\t\t<div class=\"elementor-container elementor-column-gap-narrow\">\n\t\t\t\t\t<div class=\"elementor-column elementor-col-100 elementor-top-column elementor-element elementor-element-de54cb7\" data-id=\"de54cb7\" data-element_type=\"column\" data-e-type=\"column\">\n\t\t\t<div class=\"elementor-widget-wrap elementor-element-populated\">\n\t\t\t\t\t\t<section class=\"elementor-section elementor-inner-section elementor-element elementor-element-69a549f elementor-section-full_width elementor-section-height-default elementor-section-height-default\" data-id=\"69a549f\" data-element_type=\"section\" data-e-type=\"section\">\n\t\t\t\t\t\t<div class=\"elementor-container elementor-column-gap-default\">\n\t\t\t\t\t<div class=\"elementor-column elementor-col-33 elementor-inner-column elementor-element elementor-element-b8c9501\" data-id=\"b8c9501\" data-element_type=\"column\" data-e-type=\"column\">\n\t\t\t<div class=\"elementor-widget-wrap elementor-element-populated\">\n\t\t\t\t\t\t<div class=\"elementor-element elementor-element-6577fb6 elementor-widget-divider--view-line elementor-widget elementor-widget-divider\" data-id=\"6577fb6\" data-element_type=\"widget\" data-e-type=\"widget\" data-widget_type=\"divider.default\">\n\t\t\t\t<div class=\"elementor-widget-container\">\n\t\t\t\t\t\t\t<div class=\"elementor-divider\">\n\t\t\t<span class=\"elementor-divider-separator\">\n\t\t\t\t\t\t<\/span>\n\t\t<\/div>\n\t\t\t\t\t\t<\/div>\n\t\t\t\t<\/div>\n\t\t\t\t\t<\/div>\n\t\t<\/div>\n\t\t\t\t<div class=\"elementor-column elementor-col-33 elementor-inner-column elementor-element elementor-element-0df615a\" data-id=\"0df615a\" data-element_type=\"column\" data-e-type=\"column\">\n\t\t\t<div class=\"elementor-widget-wrap elementor-element-populated\">\n\t\t\t\t\t\t<div class=\"elementor-element elementor-element-142a60f elementor-widget elementor-widget-image\" data-id=\"142a60f\" data-element_type=\"widget\" data-e-type=\"widget\" data-widget_type=\"image.default\">\n\t\t\t\t<div class=\"elementor-widget-container\">\n\t\t\t\t\t\t\t\t\t\t\t\t\t\t\t<img decoding=\"async\" width=\"920\" height=\"1745\" src=\"https:\/\/www.chateaulesoliviersdesalettes.com\/wp-content\/uploads\/2023\/03\/FAV-HD-NOIR.png\" class=\"attachment-full size-full wp-image-7462\" alt=\"\" srcset=\"https:\/\/www.chateaulesoliviersdesalettes.com\/wp-content\/uploads\/2023\/03\/FAV-HD-NOIR.png 920w, https:\/\/www.chateaulesoliviersdesalettes.com\/wp-content\/uploads\/2023\/03\/FAV-HD-NOIR-158x300.png 158w, https:\/\/www.chateaulesoliviersdesalettes.com\/wp-content\/uploads\/2023\/03\/FAV-HD-NOIR-540x1024.png 540w, https:\/\/www.chateaulesoliviersdesalettes.com\/wp-content\/uploads\/2023\/03\/FAV-HD-NOIR-768x1457.png 768w, https:\/\/www.chateaulesoliviersdesalettes.com\/wp-content\/uploads\/2023\/03\/FAV-HD-NOIR-810x1536.png 810w, https:\/\/www.chateaulesoliviersdesalettes.com\/wp-content\/uploads\/2023\/03\/FAV-HD-NOIR-6x12.png 6w\" sizes=\"(max-width: 920px) 100vw, 920px\" title=\"Photo -\">\t\t\t\t\t\t\t\t\t\t\t\t\t\t\t<\/div>\n\t\t\t\t<\/div>\n\t\t\t\t\t<\/div>\n\t\t<\/div>\n\t\t\t\t<div class=\"elementor-column elementor-col-33 elementor-inner-column elementor-element elementor-element-a067337\" data-id=\"a067337\" data-element_type=\"column\" data-e-type=\"column\">\n\t\t\t<div class=\"elementor-widget-wrap elementor-element-populated\">\n\t\t\t\t\t\t<div class=\"elementor-element elementor-element-8f4a7e7 elementor-widget-divider--view-line elementor-widget elementor-widget-divider\" data-id=\"8f4a7e7\" data-element_type=\"widget\" data-e-type=\"widget\" data-widget_type=\"divider.default\">\n\t\t\t\t<div class=\"elementor-widget-container\">\n\t\t\t\t\t\t\t<div class=\"elementor-divider\">\n\t\t\t<span class=\"elementor-divider-separator\">\n\t\t\t\t\t\t<\/span>\n\t\t<\/div>\n\t\t\t\t\t\t<\/div>\n\t\t\t\t<\/div>\n\t\t\t\t\t<\/div>\n\t\t<\/div>\n\t\t\t\t\t<\/div>\n\t\t<\/section>\n\t\t\t\t<div class=\"elementor-element elementor-element-0923c44 elementor-widget elementor-widget-heading\" data-id=\"0923c44\" data-element_type=\"widget\" data-e-type=\"widget\" data-widget_type=\"heading.default\">\n\t\t\t\t<div class=\"elementor-widget-container\">\n\t\t\t\t\t<h2 class=\"elementor-heading-title elementor-size-default\">SEE ALSO<\/h2>\t\t\t\t<\/div>\n\t\t\t\t<\/div>\n\t\t\t\t<section class=\"elementor-section elementor-inner-section elementor-element elementor-element-575b2ba elementor-section-boxed elementor-section-height-default elementor-section-height-default\" data-id=\"575b2ba\" data-element_type=\"section\" data-e-type=\"section\">\n\t\t\t\t\t\t<div class=\"elementor-container elementor-column-gap-default\">\n\t\t\t\t\t<div class=\"elementor-column elementor-col-33 elementor-inner-column elementor-element elementor-element-5713d81\" data-id=\"5713d81\" data-element_type=\"column\" data-e-type=\"column\">\n\t\t\t<div class=\"elementor-widget-wrap elementor-element-populated\">\n\t\t\t\t\t\t<div class=\"elementor-element elementor-element-5ddba2b elementor-widget elementor-widget-image\" data-id=\"5ddba2b\" data-element_type=\"widget\" data-e-type=\"widget\" data-widget_type=\"image.default\">\n\t\t\t\t<div class=\"elementor-widget-container\">\n\t\t\t\t\t\t\t\t\t\t\t\t\t\t\t<img decoding=\"async\" width=\"2133\" height=\"1200\" src=\"https:\/\/www.chateaulesoliviersdesalettes.com\/wp-content\/uploads\/2023\/03\/mirmande-drome.jpg\" class=\"attachment-full size-full wp-image-7593\" alt=\"Mirmande, Dr\u00f4me\" srcset=\"https:\/\/www.chateaulesoliviersdesalettes.com\/wp-content\/uploads\/2023\/03\/mirmande-drome.jpg 2133w, https:\/\/www.chateaulesoliviersdesalettes.com\/wp-content\/uploads\/2023\/03\/mirmande-drome-300x169.jpg 300w, https:\/\/www.chateaulesoliviersdesalettes.com\/wp-content\/uploads\/2023\/03\/mirmande-drome-1024x576.jpg 1024w, https:\/\/www.chateaulesoliviersdesalettes.com\/wp-content\/uploads\/2023\/03\/mirmande-drome-768x432.jpg 768w, https:\/\/www.chateaulesoliviersdesalettes.com\/wp-content\/uploads\/2023\/03\/mirmande-drome-1536x864.jpg 1536w, https:\/\/www.chateaulesoliviersdesalettes.com\/wp-content\/uploads\/2023\/03\/mirmande-drome-2048x1152.jpg 2048w, https:\/\/www.chateaulesoliviersdesalettes.com\/wp-content\/uploads\/2023\/03\/mirmande-drome-18x10.jpg 18w\" sizes=\"(max-width: 2133px) 100vw, 2133px\" title=\"Photo -\">\t\t\t\t\t\t\t\t\t\t\t\t\t\t\t<\/div>\n\t\t\t\t<\/div>\n\t\t\t\t<div class=\"elementor-element elementor-element-6c8c34c elementor-widget elementor-widget-heading\" data-id=\"6c8c34c\" data-element_type=\"widget\" data-e-type=\"widget\" data-widget_type=\"heading.default\">\n\t\t\t\t<div class=\"elementor-widget-container\">\n\t\t\t\t\t<h3 class=\"elementor-heading-title elementor-size-default\">the dr\u00f4me<\/h3>\t\t\t\t<\/div>\n\t\t\t\t<\/div>\n\t\t\t\t<div class=\"elementor-element elementor-element-e17de3a elementor-widget elementor-widget-text-editor\" data-id=\"e17de3a\" data-element_type=\"widget\" data-e-type=\"widget\" data-widget_type=\"text-editor.default\">\n\t\t\t\t<div class=\"elementor-widget-container\">\n\t\t\t\t\t\t\t\t\t<p>Character, nature and important history, the Dr\u00f4me is full of surprises ready to amaze you<\/p>\t\t\t\t\t\t\t\t<\/div>\n\t\t\t\t<\/div>\n\t\t\t\t<div class=\"elementor-element elementor-element-d03aa0b elementor-widget elementor-widget-button\" data-id=\"d03aa0b\" data-element_type=\"widget\" data-e-type=\"widget\" data-widget_type=\"button.default\">\n\t\t\t\t<div class=\"elementor-widget-container\">\n\t\t\t\t\t\t\t\t\t<div class=\"elementor-button-wrapper\">\n\t\t\t\t\t<a class=\"elementor-button elementor-button-link elementor-size-sm\" href=\"https:\/\/www.chateaulesoliviersdesalettes.com\/en\/tourisme-drome-provencale-tourisme\/la-drome-chateau-drome-provencale\/\">\n\t\t\t\t\t\t<span class=\"elementor-button-content-wrapper\">\n\t\t\t\t\t\t\t\t\t<span class=\"elementor-button-text\">See more<\/span>\n\t\t\t\t\t<\/span>\n\t\t\t\t\t<\/a>\n\t\t\t\t<\/div>\n\t\t\t\t\t\t\t\t<\/div>\n\t\t\t\t<\/div>\n\t\t\t\t\t<\/div>\n\t\t<\/div>\n\t\t\t\t<div class=\"elementor-column elementor-col-33 elementor-inner-column elementor-element elementor-element-4895b0f\" data-id=\"4895b0f\" data-element_type=\"column\" data-e-type=\"column\">\n\t\t\t<div class=\"elementor-widget-wrap elementor-element-populated\">\n\t\t\t\t\t\t<div class=\"elementor-element elementor-element-125e731 elementor-widget elementor-widget-image\" data-id=\"125e731\" data-element_type=\"widget\" data-e-type=\"widget\" data-widget_type=\"image.default\">\n\t\t\t\t<div class=\"elementor-widget-container\">\n\t\t\t\t\t\t\t\t\t\t\t\t\t\t\t<img loading=\"lazy\" decoding=\"async\" width=\"1800\" height=\"1200\" src=\"https:\/\/www.chateaulesoliviersdesalettes.com\/wp-content\/uploads\/2023\/03\/sisteron.jpg\" class=\"attachment-full size-full wp-image-7616\" alt=\"Sisteron, one of the most beautiful villages in the Baronnies Proven\u00e7ales\" srcset=\"https:\/\/www.chateaulesoliviersdesalettes.com\/wp-content\/uploads\/2023\/03\/sisteron.jpg 1800w, https:\/\/www.chateaulesoliviersdesalettes.com\/wp-content\/uploads\/2023\/03\/sisteron-300x200.jpg 300w, https:\/\/www.chateaulesoliviersdesalettes.com\/wp-content\/uploads\/2023\/03\/sisteron-1024x683.jpg 1024w, https:\/\/www.chateaulesoliviersdesalettes.com\/wp-content\/uploads\/2023\/03\/sisteron-768x512.jpg 768w, https:\/\/www.chateaulesoliviersdesalettes.com\/wp-content\/uploads\/2023\/03\/sisteron-1536x1024.jpg 1536w, https:\/\/www.chateaulesoliviersdesalettes.com\/wp-content\/uploads\/2023\/03\/sisteron-18x12.jpg 18w\" sizes=\"(max-width: 1800px) 100vw, 1800px\" title=\"Photo -\">\t\t\t\t\t\t\t\t\t\t\t\t\t\t\t<\/div>\n\t\t\t\t<\/div>\n\t\t\t\t<div class=\"elementor-element elementor-element-ff23c54 elementor-widget elementor-widget-heading\" data-id=\"ff23c54\" data-element_type=\"widget\" data-e-type=\"widget\" data-widget_type=\"heading.default\">\n\t\t\t\t<div class=\"elementor-widget-container\">\n\t\t\t\t\t<h3 class=\"elementor-heading-title elementor-size-default\">the baronnies of Provence<\/h3>\t\t\t\t<\/div>\n\t\t\t\t<\/div>\n\t\t\t\t<div class=\"elementor-element elementor-element-5f498b6 elementor-widget elementor-widget-text-editor\" data-id=\"5f498b6\" data-element_type=\"widget\" data-e-type=\"widget\" data-widget_type=\"text-editor.default\">\n\t\t\t\t<div class=\"elementor-widget-container\">\n\t\t\t\t\t\t\t\t\t<p>The Baronnies Proven\u00e7ales Regional Nature Park is a truly protected and preserved area<\/p>\t\t\t\t\t\t\t\t<\/div>\n\t\t\t\t<\/div>\n\t\t\t\t<div class=\"elementor-element elementor-element-87e84c4 elementor-widget elementor-widget-button\" data-id=\"87e84c4\" data-element_type=\"widget\" data-e-type=\"widget\" data-widget_type=\"button.default\">\n\t\t\t\t<div class=\"elementor-widget-container\">\n\t\t\t\t\t\t\t\t\t<div class=\"elementor-button-wrapper\">\n\t\t\t\t\t<a class=\"elementor-button elementor-button-link elementor-size-sm\" href=\"https:\/\/www.chateaulesoliviersdesalettes.com\/en\/tourisme-drome-provencale-tourisme\/baronnies-provencales-les-plus-beaux-villages-des-baronnies-provencales\/\">\n\t\t\t\t\t\t<span class=\"elementor-button-content-wrapper\">\n\t\t\t\t\t\t\t\t\t<span class=\"elementor-button-text\">See more<\/span>\n\t\t\t\t\t<\/span>\n\t\t\t\t\t<\/a>\n\t\t\t\t<\/div>\n\t\t\t\t\t\t\t\t<\/div>\n\t\t\t\t<\/div>\n\t\t\t\t\t<\/div>\n\t\t<\/div>\n\t\t\t\t<div class=\"elementor-column elementor-col-33 elementor-inner-column elementor-element elementor-element-05882db\" data-id=\"05882db\" data-element_type=\"column\" data-e-type=\"column\">\n\t\t\t<div class=\"elementor-widget-wrap elementor-element-populated\">\n\t\t\t\t\t\t<div class=\"elementor-element elementor-element-ee5700d elementor-widget elementor-widget-image\" data-id=\"ee5700d\" data-element_type=\"widget\" data-e-type=\"widget\" data-widget_type=\"image.default\">\n\t\t\t\t<div class=\"elementor-widget-container\">\n\t\t\t\t\t\t\t\t\t\t\t\t\t\t\t<img loading=\"lazy\" decoding=\"async\" width=\"2121\" height=\"1414\" src=\"https:\/\/www.chateaulesoliviersdesalettes.com\/wp-content\/uploads\/2023\/03\/chateau-de-grignan.jpg\" class=\"attachment-full size-full wp-image-7638\" alt=\"Ch\u00e2teau de Grignan, l&#039;un des plus imposants ch\u00e2teaux de la Dr\u00f4me\" srcset=\"https:\/\/www.chateaulesoliviersdesalettes.com\/wp-content\/uploads\/2023\/03\/chateau-de-grignan.jpg 2121w, https:\/\/www.chateaulesoliviersdesalettes.com\/wp-content\/uploads\/2023\/03\/chateau-de-grignan-300x200.jpg 300w, https:\/\/www.chateaulesoliviersdesalettes.com\/wp-content\/uploads\/2023\/03\/chateau-de-grignan-1024x683.jpg 1024w, https:\/\/www.chateaulesoliviersdesalettes.com\/wp-content\/uploads\/2023\/03\/chateau-de-grignan-768x512.jpg 768w, https:\/\/www.chateaulesoliviersdesalettes.com\/wp-content\/uploads\/2023\/03\/chateau-de-grignan-1536x1024.jpg 1536w, https:\/\/www.chateaulesoliviersdesalettes.com\/wp-content\/uploads\/2023\/03\/chateau-de-grignan-2048x1365.jpg 2048w, https:\/\/www.chateaulesoliviersdesalettes.com\/wp-content\/uploads\/2023\/03\/chateau-de-grignan-18x12.jpg 18w\" sizes=\"(max-width: 2121px) 100vw, 2121px\" title=\"Photo -\">\t\t\t\t\t\t\t\t\t\t\t\t\t\t\t<\/div>\n\t\t\t\t<\/div>\n\t\t\t\t<div class=\"elementor-element elementor-element-03ecb3d elementor-widget elementor-widget-heading\" data-id=\"03ecb3d\" data-element_type=\"widget\" data-e-type=\"widget\" data-widget_type=\"heading.default\">\n\t\t\t\t<div class=\"elementor-widget-container\">\n\t\t\t\t\t<h3 class=\"elementor-heading-title elementor-size-default\">castles of the dr\u00f4me<\/h3>\t\t\t\t<\/div>\n\t\t\t\t<\/div>\n\t\t\t\t<div class=\"elementor-element elementor-element-252bed9 elementor-widget elementor-widget-text-editor\" data-id=\"252bed9\" data-element_type=\"widget\" data-e-type=\"widget\" data-widget_type=\"text-editor.default\">\n\t\t\t\t<div class=\"elementor-widget-container\">\n\t\t\t\t\t\t\t\t\t<p>Discover the many castles in the Dr\u00f4me<\/p>\t\t\t\t\t\t\t\t<\/div>\n\t\t\t\t<\/div>\n\t\t\t\t<div class=\"elementor-element elementor-element-8e54395 elementor-widget elementor-widget-button\" data-id=\"8e54395\" data-element_type=\"widget\" data-e-type=\"widget\" data-widget_type=\"button.default\">\n\t\t\t\t<div class=\"elementor-widget-container\">\n\t\t\t\t\t\t\t\t\t<div class=\"elementor-button-wrapper\">\n\t\t\t\t\t<a class=\"elementor-button elementor-button-link elementor-size-sm\" href=\"https:\/\/www.chateaulesoliviersdesalettes.com\/en\/tourisme-drome-provencale-tourisme\/chateaux-drome-chateaux-de-la-drome\/\">\n\t\t\t\t\t\t<span class=\"elementor-button-content-wrapper\">\n\t\t\t\t\t\t\t\t\t<span class=\"elementor-button-text\">See more<\/span>\n\t\t\t\t\t<\/span>\n\t\t\t\t\t<\/a>\n\t\t\t\t<\/div>\n\t\t\t\t\t\t\t\t<\/div>\n\t\t\t\t<\/div>\n\t\t\t\t\t<\/div>\n\t\t<\/div>\n\t\t\t\t\t<\/div>\n\t\t<\/section>\n\t\t\t\t\t<\/div>\n\t\t<\/div>\n\t\t\t\t\t<\/div>\n\t\t<\/section>\n\t\t\t\t<\/div>","protected":false},"excerpt":{"rendered":"<p>Que faire \u00e0 Mont\u00e9limar ? Les Sp\u00e9cialit\u00e9s de mont\u00e9limar C\u0153ur de la Dr\u00f4me proven\u00e7ale, Mont\u00e9limar est une ville qui regorge d\u2019activit\u00e9s. 2\u00e8me ville de la Dr\u00f4me et \u00e0 seulement 1h30 de Lyon et de Marseille, Mont\u00e9limar est la ville id\u00e9ale pour d\u00e9connecter le temps d\u2019un week-end. Ville mill\u00e9naire et charg\u00e9e d\u2019Histoire, elle a vu les [&hellip;]<\/p>\n","protected":false},"author":13,"featured_media":2493,"parent":368,"menu_order":0,"comment_status":"closed","ping_status":"closed","template":"","meta":{"inline_featured_image":false,"footnotes":""},"class_list":["post-7541","page","type-page","status-publish","has-post-thumbnail","hentry"],"_links":{"self":[{"href":"https:\/\/www.chateaulesoliviersdesalettes.com\/en\/wp-json\/wp\/v2\/pages\/7541","targetHints":{"allow":["GET"]}}],"collection":[{"href":"https:\/\/www.chateaulesoliviersdesalettes.com\/en\/wp-json\/wp\/v2\/pages"}],"about":[{"href":"https:\/\/www.chateaulesoliviersdesalettes.com\/en\/wp-json\/wp\/v2\/types\/page"}],"author":[{"embeddable":true,"href":"https:\/\/www.chateaulesoliviersdesalettes.com\/en\/wp-json\/wp\/v2\/users\/13"}],"replies":[{"embeddable":true,"href":"https:\/\/www.chateaulesoliviersdesalettes.com\/en\/wp-json\/wp\/v2\/comments?post=7541"}],"version-history":[{"count":73,"href":"https:\/\/www.chateaulesoliviersdesalettes.com\/en\/wp-json\/wp\/v2\/pages\/7541\/revisions"}],"predecessor-version":[{"id":9988,"href":"https:\/\/www.chateaulesoliviersdesalettes.com\/en\/wp-json\/wp\/v2\/pages\/7541\/revisions\/9988"}],"up":[{"embeddable":true,"href":"https:\/\/www.chateaulesoliviersdesalettes.com\/en\/wp-json\/wp\/v2\/pages\/368"}],"wp:featuredmedia":[{"embeddable":true,"href":"https:\/\/www.chateaulesoliviersdesalettes.com\/en\/wp-json\/wp\/v2\/media\/2493"}],"wp:attachment":[{"href":"https:\/\/www.chateaulesoliviersdesalettes.com\/en\/wp-json\/wp\/v2\/media?parent=7541"}],"curies":[{"name":"wp","href":"https:\/\/api.w.org\/{rel}","templated":true}]}}