{"id":7543,"date":"2023-03-16T14:10:37","date_gmt":"2023-03-16T13:10:37","guid":{"rendered":"https:\/\/www.chateaulesoliviersdesalettes.com\/?page_id=7543"},"modified":"2024-03-19T12:19:16","modified_gmt":"2024-03-19T11:19:16","slug":"baronnies-provencales-die-schonsten-dorfer-der-baronnies-provencales","status":"publish","type":"page","link":"https:\/\/www.chateaulesoliviersdesalettes.com\/de\/tourismus-drome-provencale-tourismus\/baronnies-provencales-die-schonsten-dorfer-der-baronnies-provencales\/","title":{"rendered":"Die provenzalischen Baronnies"},"content":{"rendered":"<div data-elementor-type=\"wp-page\" data-elementor-id=\"7543\" class=\"elementor elementor-7543\" data-elementor-post-type=\"page\">\n\t\t\t\t\t\t<section class=\"elementor-section elementor-top-section elementor-element elementor-element-d6c7843 elementor-section-full_width elementor-section-height-min-height elementor-section-height-default elementor-section-items-middle\" data-id=\"d6c7843\" data-element_type=\"section\" data-settings=\"{&quot;background_background&quot;:&quot;classic&quot;}\">\n\t\t\t\t\t\t\t<div class=\"elementor-background-overlay\"><\/div>\n\t\t\t\t\t\t\t<div class=\"elementor-container elementor-column-gap-default\">\n\t\t\t\t\t<div class=\"elementor-column elementor-col-100 elementor-top-column elementor-element elementor-element-88bef6c\" data-id=\"88bef6c\" data-element_type=\"column\">\n\t\t\t<div class=\"elementor-widget-wrap elementor-element-populated\">\n\t\t\t\t\t\t<div class=\"elementor-element elementor-element-d097a60 elementor-widget elementor-widget-heading\" data-id=\"d097a60\" data-element_type=\"widget\" data-widget_type=\"heading.default\">\n\t\t\t\t<div class=\"elementor-widget-container\">\n\t\t\t\t\t<h1 class=\"elementor-heading-title elementor-size-default\">Die sch\u00f6nsten D\u00f6rfer der provenzalischen Baronnies<\/h1>\t\t\t\t<\/div>\n\t\t\t\t<\/div>\n\t\t\t\t\t<\/div>\n\t\t<\/div>\n\t\t\t\t\t<\/div>\n\t\t<\/section>\n\t\t\t\t<section class=\"elementor-section elementor-top-section elementor-element elementor-element-99f5059 elementor-section-boxed elementor-section-height-default elementor-section-height-default\" data-id=\"99f5059\" data-element_type=\"section\" data-settings=\"{&quot;background_background&quot;:&quot;classic&quot;}\">\n\t\t\t\t\t\t\t<div class=\"elementor-background-overlay\"><\/div>\n\t\t\t\t\t\t\t<div class=\"elementor-container elementor-column-gap-default\">\n\t\t\t\t\t<div class=\"elementor-column elementor-col-50 elementor-top-column elementor-element elementor-element-caa8998\" data-id=\"caa8998\" data-element_type=\"column\">\n\t\t\t<div class=\"elementor-widget-wrap elementor-element-populated\">\n\t\t\t\t\t\t<div class=\"elementor-element elementor-element-d9f3b11 elementor-widget elementor-widget-heading\" data-id=\"d9f3b11\" data-element_type=\"widget\" data-widget_type=\"heading.default\">\n\t\t\t\t<div class=\"elementor-widget-container\">\n\t\t\t\t\t<h2 class=\"elementor-heading-title elementor-size-default\">atemberaubende Landschaften<\/h2>\t\t\t\t<\/div>\n\t\t\t\t<\/div>\n\t\t\t\t<div class=\"elementor-element elementor-element-f0c852e elementor-widget elementor-widget-text-editor\" data-id=\"f0c852e\" data-element_type=\"widget\" data-widget_type=\"text-editor.default\">\n\t\t\t\t<div class=\"elementor-widget-container\">\n\t\t\t\t\t\t\t\t\t<p>Besuchen Sie die Baronnies proven\u00e7ales, einen regionalen Naturpark ganz im S\u00fcden von Frankreich. <strong><a href=\"https:\/\/www.chateaulesoliviersdesalettes.com\/de\/tourismus-drome-provencale-tourismus\/la-drome-chateau-drome-provencale\/\">Dr\u00f4me<\/a> <\/strong>vor den Toren des Vaucluse. Die Baronnies proven\u00e7ales sind ein noch unber\u00fchrtes Gebiet, ein Kalksteinmassiv mit einer \u00fcppigen Vegetation, die ebenso reich wie sch\u00f6n ist. Dieser wundersch\u00f6ne Ort ist definitiv einen Besuch wert und wartet nur darauf, dass Sie von seinen Reliefs und Landschaften \u00fcberw\u00e4ltigt werden.<\/p><p>Wenn die provenzalischen Baronnies durch ihre unbestreitbare Sch\u00f6nheit die Augen ansprechen, werden alle Sinne geweckt. Ger\u00fcche von Olivenb\u00e4umen, Thymian und Lavendel vermischen sich und str\u00f6men aus der Garrigue. Es ist ein wahres Konzentrat der Provence, das dieser Naturpark darstellt. Heute ist er ein gesch\u00fctzter Raum, in dem eine au\u00dfergew\u00f6hnliche Biodiversit\u00e4t entsteht und gedeiht.<\/p>\t\t\t\t\t\t\t\t<\/div>\n\t\t\t\t<\/div>\n\t\t\t\t\t<\/div>\n\t\t<\/div>\n\t\t\t\t<div class=\"elementor-column elementor-col-50 elementor-top-column elementor-element elementor-element-0e33b50\" data-id=\"0e33b50\" data-element_type=\"column\">\n\t\t\t<div class=\"elementor-widget-wrap elementor-element-populated\">\n\t\t\t\t\t\t<div class=\"elementor-element elementor-element-eb64b02 elementor-widget elementor-widget-image\" data-id=\"eb64b02\" data-element_type=\"widget\" data-widget_type=\"image.default\">\n\t\t\t\t<div class=\"elementor-widget-container\">\n\t\t\t\t\t\t\t\t\t\t\t\t\t\t\t<img fetchpriority=\"high\" decoding=\"async\" width=\"1800\" height=\"1200\" src=\"https:\/\/www.chateaulesoliviersdesalettes.com\/wp-content\/uploads\/2023\/03\/citadelle-sisteron.jpg\" class=\"attachment-full size-full wp-image-7623\" alt=\"Zitadelle von Sisteron, unter den sch\u00f6nsten D\u00f6rfern der provenzalischen Baronnies\" srcset=\"https:\/\/www.chateaulesoliviersdesalettes.com\/wp-content\/uploads\/2023\/03\/citadelle-sisteron.jpg 1800w, https:\/\/www.chateaulesoliviersdesalettes.com\/wp-content\/uploads\/2023\/03\/citadelle-sisteron-300x200.jpg 300w, https:\/\/www.chateaulesoliviersdesalettes.com\/wp-content\/uploads\/2023\/03\/citadelle-sisteron-1024x683.jpg 1024w, https:\/\/www.chateaulesoliviersdesalettes.com\/wp-content\/uploads\/2023\/03\/citadelle-sisteron-768x512.jpg 768w, https:\/\/www.chateaulesoliviersdesalettes.com\/wp-content\/uploads\/2023\/03\/citadelle-sisteron-1536x1024.jpg 1536w, https:\/\/www.chateaulesoliviersdesalettes.com\/wp-content\/uploads\/2023\/03\/citadelle-sisteron-18x12.jpg 18w\" sizes=\"(max-width: 1800px) 100vw, 1800px\" title=\"Foto -\">\t\t\t\t\t\t\t\t\t\t\t\t\t\t\t<\/div>\n\t\t\t\t<\/div>\n\t\t\t\t\t<\/div>\n\t\t<\/div>\n\t\t\t\t\t<\/div>\n\t\t<\/section>\n\t\t\t\t<section class=\"elementor-section elementor-top-section elementor-element elementor-element-892e274 elementor-section-boxed elementor-section-height-default elementor-section-height-default\" data-id=\"892e274\" data-element_type=\"section\" data-settings=\"{&quot;background_background&quot;:&quot;classic&quot;}\">\n\t\t\t\t\t\t<div class=\"elementor-container elementor-column-gap-default\">\n\t\t\t\t\t<div class=\"elementor-column elementor-col-50 elementor-top-column elementor-element elementor-element-f4df38f\" data-id=\"f4df38f\" data-element_type=\"column\" data-settings=\"{&quot;background_background&quot;:&quot;classic&quot;}\">\n\t\t\t<div class=\"elementor-widget-wrap elementor-element-populated\">\n\t\t\t\t\t\t<section class=\"elementor-section elementor-inner-section elementor-element elementor-element-c2ed637 elementor-section-boxed elementor-section-height-default elementor-section-height-default\" data-id=\"c2ed637\" data-element_type=\"section\" data-settings=\"{&quot;background_background&quot;:&quot;classic&quot;}\">\n\t\t\t\t\t\t<div class=\"elementor-container elementor-column-gap-default\">\n\t\t\t\t\t<div class=\"elementor-column elementor-col-100 elementor-inner-column elementor-element elementor-element-1a47b85\" data-id=\"1a47b85\" data-element_type=\"column\" data-settings=\"{&quot;background_background&quot;:&quot;classic&quot;}\">\n\t\t\t<div class=\"elementor-widget-wrap elementor-element-populated\">\n\t\t\t\t\t\t<div class=\"elementor-element elementor-element-386727c elementor-widget elementor-widget-heading\" data-id=\"386727c\" data-element_type=\"widget\" data-widget_type=\"heading.default\">\n\t\t\t\t<div class=\"elementor-widget-container\">\n\t\t\t\t\t<h2 class=\"elementor-heading-title elementor-size-default\">zahlreiche historische Denkm\u00e4ler<\/h2>\t\t\t\t<\/div>\n\t\t\t\t<\/div>\n\t\t\t\t<div class=\"elementor-element elementor-element-65f4fe3 elementor-widget elementor-widget-text-editor\" data-id=\"65f4fe3\" data-element_type=\"widget\" data-widget_type=\"text-editor.default\">\n\t\t\t\t<div class=\"elementor-widget-container\">\n\t\t\t\t\t\t\t\t\t<p>In den Baronnies proven\u00e7ales gibt es zahlreiche au\u00dfergew\u00f6hnliche Sehensw\u00fcrdigkeiten zu entdecken. Das Gewicht der Geschichte ist hier sehr gro\u00df. 40 Geb\u00e4ude sind als historische Denkm\u00e4ler eingetragen oder klassifiziert und 12 Orte sind ebenfalls eingetragen. Zu den Sehensw\u00fcrdigkeiten geh\u00f6ren das Schloss von Cornillon-sur-l'Oule, das Dorf Laragne-Mont\u00e9glin, in dem sich das Schloss von Arzeliers befindet, und La Roche-Saint-Secret-B\u00e9conne.<\/p>\n<p>Abgesehen von den nat\u00fcrlichen Sch\u00e4tzen, die die Fl\u00fcsse, W\u00e4lder und Garrigues darstellen, kleiden zahlreiche D\u00f6rfer einige der Klippen der Baronnies. Sie wurden einst in die H\u00f6he gebaut, um sich besser vor Angriffen von au\u00dfen zu sch\u00fctzen.<\/p>\n<p>Grignan und Vaison-la-Romaine sind perfekte Beispiele daf\u00fcr und haben alle 3 au\u00dfergew\u00f6hnliche Reize, die einen Besuch wert sind.&nbsp;<span style=\"color: var( --e-global-color-text ); font-family: var( --e-global-typography-text-font-family ), Sans-serif; font-size: var( --e-global-typography-text-font-size ); font-weight: var( --e-global-typography-text-font-weight ); background-color: var( --e-global-color-75af9df );\">Schlie\u00dflich \u00f6ffnet die Chauvet-H\u00f6hle, die zum UNESCO-Weltkulturerbe geh\u00f6rt, die T\u00fcren zum ersten gro\u00dfen Meisterwerk der Menschheit.<\/span><\/p>\t\t\t\t\t\t\t\t<\/div>\n\t\t\t\t<\/div>\n\t\t\t\t\t<\/div>\n\t\t<\/div>\n\t\t\t\t\t<\/div>\n\t\t<\/section>\n\t\t\t\t\t<\/div>\n\t\t<\/div>\n\t\t\t\t<div class=\"elementor-column elementor-col-50 elementor-top-column elementor-element elementor-element-8b2c2cb elementor-hidden-mobile\" data-id=\"8b2c2cb\" data-element_type=\"column\">\n\t\t\t<div class=\"elementor-widget-wrap\">\n\t\t\t\t\t\t\t<\/div>\n\t\t<\/div>\n\t\t\t\t\t<\/div>\n\t\t<\/section>\n\t\t\t\t<section class=\"elementor-section elementor-top-section elementor-element elementor-element-4d54fe9 elementor-section-full_width elementor-section-height-default elementor-section-height-default\" data-id=\"4d54fe9\" data-element_type=\"section\" data-settings=\"{&quot;background_background&quot;:&quot;classic&quot;}\">\n\t\t\t\t\t\t\t<div class=\"elementor-background-overlay\"><\/div>\n\t\t\t\t\t\t\t<div class=\"elementor-container elementor-column-gap-narrow\">\n\t\t\t\t\t<div class=\"elementor-column elementor-col-100 elementor-top-column elementor-element elementor-element-de54cb7\" data-id=\"de54cb7\" data-element_type=\"column\">\n\t\t\t<div class=\"elementor-widget-wrap elementor-element-populated\">\n\t\t\t\t\t\t<section class=\"elementor-section elementor-inner-section elementor-element elementor-element-69a549f elementor-section-full_width elementor-section-height-default elementor-section-height-default\" data-id=\"69a549f\" data-element_type=\"section\">\n\t\t\t\t\t\t<div class=\"elementor-container elementor-column-gap-default\">\n\t\t\t\t\t<div class=\"elementor-column elementor-col-33 elementor-inner-column elementor-element elementor-element-b8c9501\" data-id=\"b8c9501\" data-element_type=\"column\">\n\t\t\t<div class=\"elementor-widget-wrap elementor-element-populated\">\n\t\t\t\t\t\t<div class=\"elementor-element elementor-element-6577fb6 elementor-widget-divider--view-line elementor-widget elementor-widget-divider\" data-id=\"6577fb6\" data-element_type=\"widget\" data-widget_type=\"divider.default\">\n\t\t\t\t<div class=\"elementor-widget-container\">\n\t\t\t\t\t\t\t<div class=\"elementor-divider\">\n\t\t\t<span class=\"elementor-divider-separator\">\n\t\t\t\t\t\t<\/span>\n\t\t<\/div>\n\t\t\t\t\t\t<\/div>\n\t\t\t\t<\/div>\n\t\t\t\t\t<\/div>\n\t\t<\/div>\n\t\t\t\t<div class=\"elementor-column elementor-col-33 elementor-inner-column elementor-element elementor-element-0df615a\" data-id=\"0df615a\" data-element_type=\"column\">\n\t\t\t<div class=\"elementor-widget-wrap elementor-element-populated\">\n\t\t\t\t\t\t<div class=\"elementor-element elementor-element-142a60f elementor-widget elementor-widget-image\" data-id=\"142a60f\" data-element_type=\"widget\" data-widget_type=\"image.default\">\n\t\t\t\t<div class=\"elementor-widget-container\">\n\t\t\t\t\t\t\t\t\t\t\t\t\t\t\t<img decoding=\"async\" width=\"920\" height=\"1745\" src=\"https:\/\/www.chateaulesoliviersdesalettes.com\/wp-content\/uploads\/2023\/03\/FAV-HD-NOIR.png\" class=\"attachment-full size-full wp-image-7462\" alt=\"\" srcset=\"https:\/\/www.chateaulesoliviersdesalettes.com\/wp-content\/uploads\/2023\/03\/FAV-HD-NOIR.png 920w, https:\/\/www.chateaulesoliviersdesalettes.com\/wp-content\/uploads\/2023\/03\/FAV-HD-NOIR-158x300.png 158w, https:\/\/www.chateaulesoliviersdesalettes.com\/wp-content\/uploads\/2023\/03\/FAV-HD-NOIR-540x1024.png 540w, https:\/\/www.chateaulesoliviersdesalettes.com\/wp-content\/uploads\/2023\/03\/FAV-HD-NOIR-768x1457.png 768w, https:\/\/www.chateaulesoliviersdesalettes.com\/wp-content\/uploads\/2023\/03\/FAV-HD-NOIR-810x1536.png 810w, https:\/\/www.chateaulesoliviersdesalettes.com\/wp-content\/uploads\/2023\/03\/FAV-HD-NOIR-6x12.png 6w\" sizes=\"(max-width: 920px) 100vw, 920px\" title=\"Foto -\">\t\t\t\t\t\t\t\t\t\t\t\t\t\t\t<\/div>\n\t\t\t\t<\/div>\n\t\t\t\t\t<\/div>\n\t\t<\/div>\n\t\t\t\t<div class=\"elementor-column elementor-col-33 elementor-inner-column elementor-element elementor-element-a067337\" data-id=\"a067337\" data-element_type=\"column\">\n\t\t\t<div class=\"elementor-widget-wrap elementor-element-populated\">\n\t\t\t\t\t\t<div class=\"elementor-element elementor-element-8f4a7e7 elementor-widget-divider--view-line elementor-widget elementor-widget-divider\" data-id=\"8f4a7e7\" data-element_type=\"widget\" data-widget_type=\"divider.default\">\n\t\t\t\t<div class=\"elementor-widget-container\">\n\t\t\t\t\t\t\t<div class=\"elementor-divider\">\n\t\t\t<span class=\"elementor-divider-separator\">\n\t\t\t\t\t\t<\/span>\n\t\t<\/div>\n\t\t\t\t\t\t<\/div>\n\t\t\t\t<\/div>\n\t\t\t\t\t<\/div>\n\t\t<\/div>\n\t\t\t\t\t<\/div>\n\t\t<\/section>\n\t\t\t\t<div class=\"elementor-element elementor-element-0923c44 elementor-widget elementor-widget-heading\" data-id=\"0923c44\" data-element_type=\"widget\" data-widget_type=\"heading.default\">\n\t\t\t\t<div class=\"elementor-widget-container\">\n\t\t\t\t\t<h2 class=\"elementor-heading-title elementor-size-default\">SIEHEN SIE AUCH<\/h2>\t\t\t\t<\/div>\n\t\t\t\t<\/div>\n\t\t\t\t<section class=\"elementor-section elementor-inner-section elementor-element elementor-element-575b2ba elementor-section-boxed elementor-section-height-default elementor-section-height-default\" data-id=\"575b2ba\" data-element_type=\"section\">\n\t\t\t\t\t\t<div class=\"elementor-container elementor-column-gap-default\">\n\t\t\t\t\t<div class=\"elementor-column elementor-col-33 elementor-inner-column elementor-element elementor-element-5713d81\" data-id=\"5713d81\" data-element_type=\"column\">\n\t\t\t<div class=\"elementor-widget-wrap elementor-element-populated\">\n\t\t\t\t\t\t<div class=\"elementor-element elementor-element-5ddba2b elementor-widget elementor-widget-image\" data-id=\"5ddba2b\" data-element_type=\"widget\" data-widget_type=\"image.default\">\n\t\t\t\t<div class=\"elementor-widget-container\">\n\t\t\t\t\t\t\t\t\t\t\t\t\t\t\t<img decoding=\"async\" width=\"2121\" height=\"1414\" src=\"https:\/\/www.chateaulesoliviersdesalettes.com\/wp-content\/uploads\/2023\/03\/chateau-de-grignan.jpg\" class=\"attachment-full size-full wp-image-7638\" alt=\"Ch\u00e2teau de Grignan, l&#039;un des plus imposants ch\u00e2teaux de la Dr\u00f4me\" srcset=\"https:\/\/www.chateaulesoliviersdesalettes.com\/wp-content\/uploads\/2023\/03\/chateau-de-grignan.jpg 2121w, https:\/\/www.chateaulesoliviersdesalettes.com\/wp-content\/uploads\/2023\/03\/chateau-de-grignan-300x200.jpg 300w, https:\/\/www.chateaulesoliviersdesalettes.com\/wp-content\/uploads\/2023\/03\/chateau-de-grignan-1024x683.jpg 1024w, https:\/\/www.chateaulesoliviersdesalettes.com\/wp-content\/uploads\/2023\/03\/chateau-de-grignan-768x512.jpg 768w, https:\/\/www.chateaulesoliviersdesalettes.com\/wp-content\/uploads\/2023\/03\/chateau-de-grignan-1536x1024.jpg 1536w, https:\/\/www.chateaulesoliviersdesalettes.com\/wp-content\/uploads\/2023\/03\/chateau-de-grignan-2048x1365.jpg 2048w, https:\/\/www.chateaulesoliviersdesalettes.com\/wp-content\/uploads\/2023\/03\/chateau-de-grignan-18x12.jpg 18w\" sizes=\"(max-width: 2121px) 100vw, 2121px\" title=\"Foto -\">\t\t\t\t\t\t\t\t\t\t\t\t\t\t\t<\/div>\n\t\t\t\t<\/div>\n\t\t\t\t<div class=\"elementor-element elementor-element-6c8c34c elementor-widget elementor-widget-heading\" data-id=\"6c8c34c\" data-element_type=\"widget\" data-widget_type=\"heading.default\">\n\t\t\t\t<div class=\"elementor-widget-container\">\n\t\t\t\t\t<h3 class=\"elementor-heading-title elementor-size-default\">Schl\u00f6sser in der dr\u00f4me<\/h3>\t\t\t\t<\/div>\n\t\t\t\t<\/div>\n\t\t\t\t<div class=\"elementor-element elementor-element-e17de3a elementor-widget elementor-widget-text-editor\" data-id=\"e17de3a\" data-element_type=\"widget\" data-widget_type=\"text-editor.default\">\n\t\t\t\t<div class=\"elementor-widget-container\">\n\t\t\t\t\t\t\t\t\t<p>Entdecken Sie die zahlreichen Schl\u00f6sser, die die Dr\u00f4me bev\u00f6lkern<\/p>\t\t\t\t\t\t\t\t<\/div>\n\t\t\t\t<\/div>\n\t\t\t\t<div class=\"elementor-element elementor-element-d03aa0b elementor-widget elementor-widget-button\" data-id=\"d03aa0b\" data-element_type=\"widget\" data-widget_type=\"button.default\">\n\t\t\t\t<div class=\"elementor-widget-container\">\n\t\t\t\t\t\t\t\t\t<div class=\"elementor-button-wrapper\">\n\t\t\t\t\t<a class=\"elementor-button elementor-button-link elementor-size-sm\" href=\"https:\/\/www.chateaulesoliviersdesalettes.com\/de\/tourismus-drome-provencale-tourismus\/chateaux-drome-chateaux-de-la-drome\/\">\n\t\t\t\t\t\t<span class=\"elementor-button-content-wrapper\">\n\t\t\t\t\t\t\t\t\t<span class=\"elementor-button-text\">Mehr sehen<\/span>\n\t\t\t\t\t<\/span>\n\t\t\t\t\t<\/a>\n\t\t\t\t<\/div>\n\t\t\t\t\t\t\t\t<\/div>\n\t\t\t\t<\/div>\n\t\t\t\t\t<\/div>\n\t\t<\/div>\n\t\t\t\t<div class=\"elementor-column elementor-col-33 elementor-inner-column elementor-element elementor-element-4895b0f\" data-id=\"4895b0f\" data-element_type=\"column\">\n\t\t\t<div class=\"elementor-widget-wrap elementor-element-populated\">\n\t\t\t\t\t\t<div class=\"elementor-element elementor-element-125e731 elementor-widget elementor-widget-image\" data-id=\"125e731\" data-element_type=\"widget\" data-widget_type=\"image.default\">\n\t\t\t\t<div class=\"elementor-widget-container\">\n\t\t\t\t\t\t\t\t\t\t\t\t\t\t\t<img loading=\"lazy\" decoding=\"async\" width=\"2000\" height=\"1500\" src=\"https:\/\/www.chateaulesoliviersdesalettes.com\/wp-content\/uploads\/2023\/03\/montelimar-1.jpg\" class=\"attachment-full size-full wp-image-7602\" alt=\"Dorf Mont\u00e9limar\" srcset=\"https:\/\/www.chateaulesoliviersdesalettes.com\/wp-content\/uploads\/2023\/03\/montelimar-1.jpg 2000w, https:\/\/www.chateaulesoliviersdesalettes.com\/wp-content\/uploads\/2023\/03\/montelimar-1-300x225.jpg 300w, https:\/\/www.chateaulesoliviersdesalettes.com\/wp-content\/uploads\/2023\/03\/montelimar-1-1024x768.jpg 1024w, https:\/\/www.chateaulesoliviersdesalettes.com\/wp-content\/uploads\/2023\/03\/montelimar-1-768x576.jpg 768w, https:\/\/www.chateaulesoliviersdesalettes.com\/wp-content\/uploads\/2023\/03\/montelimar-1-1536x1152.jpg 1536w, https:\/\/www.chateaulesoliviersdesalettes.com\/wp-content\/uploads\/2023\/03\/montelimar-1-16x12.jpg 16w\" sizes=\"(max-width: 2000px) 100vw, 2000px\" title=\"Foto -\">\t\t\t\t\t\t\t\t\t\t\t\t\t\t\t<\/div>\n\t\t\t\t<\/div>\n\t\t\t\t<div class=\"elementor-element elementor-element-ff23c54 elementor-widget elementor-widget-heading\" data-id=\"ff23c54\" data-element_type=\"widget\" data-widget_type=\"heading.default\">\n\t\t\t\t<div class=\"elementor-widget-container\">\n\t\t\t\t\t<h3 class=\"elementor-heading-title elementor-size-default\">mont\u00e9limar<\/h3>\t\t\t\t<\/div>\n\t\t\t\t<\/div>\n\t\t\t\t<div class=\"elementor-element elementor-element-5f498b6 elementor-widget elementor-widget-text-editor\" data-id=\"5f498b6\" data-element_type=\"widget\" data-widget_type=\"text-editor.default\">\n\t\t\t\t<div class=\"elementor-widget-container\">\n\t\t\t\t\t\t\t\t\t<p>Entdecken Sie Mont\u00e9limar und seine Reize<\/p>\t\t\t\t\t\t\t\t<\/div>\n\t\t\t\t<\/div>\n\t\t\t\t<div class=\"elementor-element elementor-element-87e84c4 elementor-widget elementor-widget-button\" data-id=\"87e84c4\" data-element_type=\"widget\" data-widget_type=\"button.default\">\n\t\t\t\t<div class=\"elementor-widget-container\">\n\t\t\t\t\t\t\t\t\t<div class=\"elementor-button-wrapper\">\n\t\t\t\t\t<a class=\"elementor-button elementor-button-link elementor-size-sm\" href=\"https:\/\/www.chateaulesoliviersdesalettes.com\/de\/tourismus-drome-provencale-tourismus\/montelimar-was-tun-in-montelimar\/\">\n\t\t\t\t\t\t<span class=\"elementor-button-content-wrapper\">\n\t\t\t\t\t\t\t\t\t<span class=\"elementor-button-text\">Mehr sehen<\/span>\n\t\t\t\t\t<\/span>\n\t\t\t\t\t<\/a>\n\t\t\t\t<\/div>\n\t\t\t\t\t\t\t\t<\/div>\n\t\t\t\t<\/div>\n\t\t\t\t\t<\/div>\n\t\t<\/div>\n\t\t\t\t<div class=\"elementor-column elementor-col-33 elementor-inner-column elementor-element elementor-element-05882db\" data-id=\"05882db\" data-element_type=\"column\">\n\t\t\t<div class=\"elementor-widget-wrap elementor-element-populated\">\n\t\t\t\t\t\t<div class=\"elementor-element elementor-element-ee5700d elementor-widget elementor-widget-image\" data-id=\"ee5700d\" data-element_type=\"widget\" data-widget_type=\"image.default\">\n\t\t\t\t<div class=\"elementor-widget-container\">\n\t\t\t\t\t\t\t\t\t\t\t\t\t\t\t<img loading=\"lazy\" decoding=\"async\" width=\"2133\" height=\"1200\" src=\"https:\/\/www.chateaulesoliviersdesalettes.com\/wp-content\/uploads\/2023\/03\/mirmande-drome.jpg\" class=\"attachment-full size-full wp-image-7593\" alt=\"Mirmande, Dr\u00f4me\" srcset=\"https:\/\/www.chateaulesoliviersdesalettes.com\/wp-content\/uploads\/2023\/03\/mirmande-drome.jpg 2133w, https:\/\/www.chateaulesoliviersdesalettes.com\/wp-content\/uploads\/2023\/03\/mirmande-drome-300x169.jpg 300w, https:\/\/www.chateaulesoliviersdesalettes.com\/wp-content\/uploads\/2023\/03\/mirmande-drome-1024x576.jpg 1024w, https:\/\/www.chateaulesoliviersdesalettes.com\/wp-content\/uploads\/2023\/03\/mirmande-drome-768x432.jpg 768w, https:\/\/www.chateaulesoliviersdesalettes.com\/wp-content\/uploads\/2023\/03\/mirmande-drome-1536x864.jpg 1536w, https:\/\/www.chateaulesoliviersdesalettes.com\/wp-content\/uploads\/2023\/03\/mirmande-drome-2048x1152.jpg 2048w, https:\/\/www.chateaulesoliviersdesalettes.com\/wp-content\/uploads\/2023\/03\/mirmande-drome-18x10.jpg 18w\" sizes=\"(max-width: 2133px) 100vw, 2133px\" title=\"Foto -\">\t\t\t\t\t\t\t\t\t\t\t\t\t\t\t<\/div>\n\t\t\t\t<\/div>\n\t\t\t\t<div class=\"elementor-element elementor-element-03ecb3d elementor-widget elementor-widget-heading\" data-id=\"03ecb3d\" data-element_type=\"widget\" data-widget_type=\"heading.default\">\n\t\t\t\t<div class=\"elementor-widget-container\">\n\t\t\t\t\t<h3 class=\"elementor-heading-title elementor-size-default\">die Dr\u00f4me<\/h3>\t\t\t\t<\/div>\n\t\t\t\t<\/div>\n\t\t\t\t<div class=\"elementor-element elementor-element-252bed9 elementor-widget elementor-widget-text-editor\" data-id=\"252bed9\" data-element_type=\"widget\" data-widget_type=\"text-editor.default\">\n\t\t\t\t<div class=\"elementor-widget-container\">\n\t\t\t\t\t\t\t\t\t<p>Charakter, Natur und bedeutende Geschichte - die Dr\u00f4me ist voller \u00dcberraschungen, die Sie in Staunen versetzen werden.<\/p>\t\t\t\t\t\t\t\t<\/div>\n\t\t\t\t<\/div>\n\t\t\t\t<div class=\"elementor-element elementor-element-8e54395 elementor-widget elementor-widget-button\" data-id=\"8e54395\" data-element_type=\"widget\" data-widget_type=\"button.default\">\n\t\t\t\t<div class=\"elementor-widget-container\">\n\t\t\t\t\t\t\t\t\t<div class=\"elementor-button-wrapper\">\n\t\t\t\t\t<a class=\"elementor-button elementor-button-link elementor-size-sm\" href=\"https:\/\/www.chateaulesoliviersdesalettes.com\/de\/tourismus-drome-provencale-tourismus\/la-drome-chateau-drome-provencale\/\">\n\t\t\t\t\t\t<span class=\"elementor-button-content-wrapper\">\n\t\t\t\t\t\t\t\t\t<span class=\"elementor-button-text\">Mehr sehen<\/span>\n\t\t\t\t\t<\/span>\n\t\t\t\t\t<\/a>\n\t\t\t\t<\/div>\n\t\t\t\t\t\t\t\t<\/div>\n\t\t\t\t<\/div>\n\t\t\t\t\t<\/div>\n\t\t<\/div>\n\t\t\t\t\t<\/div>\n\t\t<\/section>\n\t\t\t\t\t<\/div>\n\t\t<\/div>\n\t\t\t\t\t<\/div>\n\t\t<\/section>\n\t\t\t\t<\/div>","protected":false},"excerpt":{"rendered":"<p>Die sch\u00f6nsten D\u00f6rfer der Baronnies proven\u00e7ales Atemberaubende Landschaften Besuchen Sie die Baronnies proven\u00e7ales, einen regionalen Naturpark im S\u00fcden des Departements Dr\u00f4me an der Grenze zum Departement Vaucluse. Die Baronnies proven\u00e7ales sind ein Kalksteinmassiv mit einer \u00fcppigen Vegetation, die ebenso reich wie sch\u00f6n ist. Dieser wundersch\u00f6ne Ort ist definitiv die [...].<\/p>","protected":false},"author":13,"featured_media":2493,"parent":368,"menu_order":0,"comment_status":"closed","ping_status":"closed","template":"","meta":{"inline_featured_image":false,"footnotes":""},"class_list":["post-7543","page","type-page","status-publish","has-post-thumbnail","hentry"],"_links":{"self":[{"href":"https:\/\/www.chateaulesoliviersdesalettes.com\/de\/wp-json\/wp\/v2\/pages\/7543","targetHints":{"allow":["GET"]}}],"collection":[{"href":"https:\/\/www.chateaulesoliviersdesalettes.com\/de\/wp-json\/wp\/v2\/pages"}],"about":[{"href":"https:\/\/www.chateaulesoliviersdesalettes.com\/de\/wp-json\/wp\/v2\/types\/page"}],"author":[{"embeddable":true,"href":"https:\/\/www.chateaulesoliviersdesalettes.com\/de\/wp-json\/wp\/v2\/users\/13"}],"replies":[{"embeddable":true,"href":"https:\/\/www.chateaulesoliviersdesalettes.com\/de\/wp-json\/wp\/v2\/comments?post=7543"}],"version-history":[{"count":70,"href":"https:\/\/www.chateaulesoliviersdesalettes.com\/de\/wp-json\/wp\/v2\/pages\/7543\/revisions"}],"predecessor-version":[{"id":10163,"href":"https:\/\/www.chateaulesoliviersdesalettes.com\/de\/wp-json\/wp\/v2\/pages\/7543\/revisions\/10163"}],"up":[{"embeddable":true,"href":"https:\/\/www.chateaulesoliviersdesalettes.com\/de\/wp-json\/wp\/v2\/pages\/368"}],"wp:featuredmedia":[{"embeddable":true,"href":"https:\/\/www.chateaulesoliviersdesalettes.com\/de\/wp-json\/wp\/v2\/media\/2493"}],"wp:attachment":[{"href":"https:\/\/www.chateaulesoliviersdesalettes.com\/de\/wp-json\/wp\/v2\/media?parent=7543"}],"curies":[{"name":"wp","href":"https:\/\/api.w.org\/{rel}","templated":true}]}}