{"id":378,"date":"2022-10-25T16:23:20","date_gmt":"2022-10-25T14:23:20","guid":{"rendered":"https:\/\/www.chateaulesoliviersdesalettes.com\/?page_id=378"},"modified":"2024-10-22T16:22:35","modified_gmt":"2024-10-22T14:22:35","slug":"sonderangebote","status":"publish","type":"page","link":"https:\/\/www.chateaulesoliviersdesalettes.com\/de\/sonderangebote\/","title":{"rendered":"Besondere Angebote"},"content":{"rendered":"<div data-elementor-type=\"wp-page\" data-elementor-id=\"378\" class=\"elementor elementor-378\" data-elementor-post-type=\"page\">\n\t\t\t\t\t\t<section class=\"elementor-section elementor-top-section elementor-element elementor-element-828f4f8 elementor-section-height-min-height elementor-section-boxed elementor-section-height-default elementor-section-items-middle\" data-id=\"828f4f8\" data-element_type=\"section\" data-settings=\"{&quot;background_background&quot;:&quot;classic&quot;}\">\n\t\t\t\t\t\t\t<div class=\"elementor-background-overlay\"><\/div>\n\t\t\t\t\t\t\t<div class=\"elementor-container elementor-column-gap-default\">\n\t\t\t\t\t<div class=\"elementor-column elementor-col-100 elementor-top-column elementor-element elementor-element-4570faf\" data-id=\"4570faf\" data-element_type=\"column\">\n\t\t\t<div class=\"elementor-widget-wrap elementor-element-populated\">\n\t\t\t\t\t\t<div class=\"elementor-element elementor-element-6d53cc3 elementor-widget elementor-widget-text-editor\" data-id=\"6d53cc3\" data-element_type=\"widget\" data-widget_type=\"text-editor.default\">\n\t\t\t\t<div class=\"elementor-widget-container\">\n\t\t\t\t\t\t\t\t\t<p>Entdecken Sie unsere aktuellen Angebote<\/p>\t\t\t\t\t\t\t\t<\/div>\n\t\t\t\t<\/div>\n\t\t\t\t\t<\/div>\n\t\t<\/div>\n\t\t\t\t\t<\/div>\n\t\t<\/section>\n\t\t\t\t<section class=\"elementor-section elementor-top-section elementor-element elementor-element-b944540 elementor-section-boxed elementor-section-height-default elementor-section-height-default\" data-id=\"b944540\" data-element_type=\"section\" data-settings=\"{&quot;background_background&quot;:&quot;classic&quot;}\">\n\t\t\t\t\t\t\t<div class=\"elementor-background-overlay\"><\/div>\n\t\t\t\t\t\t\t<div class=\"elementor-container elementor-column-gap-default\">\n\t\t\t\t\t<div class=\"elementor-column elementor-col-100 elementor-top-column elementor-element elementor-element-b79956c\" data-id=\"b79956c\" data-element_type=\"column\">\n\t\t\t<div class=\"elementor-widget-wrap elementor-element-populated\">\n\t\t\t\t\t\t<section class=\"elementor-section elementor-inner-section elementor-element elementor-element-752af77 elementor-section-boxed elementor-section-height-default elementor-section-height-default\" data-id=\"752af77\" data-element_type=\"section\">\n\t\t\t\t\t\t<div class=\"elementor-container elementor-column-gap-default\">\n\t\t\t\t\t<div class=\"elementor-column elementor-col-33 elementor-inner-column elementor-element elementor-element-8b178c9\" data-id=\"8b178c9\" data-element_type=\"column\">\n\t\t\t<div class=\"elementor-widget-wrap elementor-element-populated\">\n\t\t\t\t\t\t<div class=\"elementor-element elementor-element-5ed3c54 elementor-widget-divider--view-line elementor-widget elementor-widget-divider\" data-id=\"5ed3c54\" data-element_type=\"widget\" data-widget_type=\"divider.default\">\n\t\t\t\t<div class=\"elementor-widget-container\">\n\t\t\t\t\t\t\t<div class=\"elementor-divider\">\n\t\t\t<span class=\"elementor-divider-separator\">\n\t\t\t\t\t\t<\/span>\n\t\t<\/div>\n\t\t\t\t\t\t<\/div>\n\t\t\t\t<\/div>\n\t\t\t\t\t<\/div>\n\t\t<\/div>\n\t\t\t\t<div class=\"elementor-column elementor-col-33 elementor-inner-column elementor-element elementor-element-1040c58\" data-id=\"1040c58\" data-element_type=\"column\">\n\t\t\t<div class=\"elementor-widget-wrap elementor-element-populated\">\n\t\t\t\t\t\t<div class=\"elementor-element elementor-element-60f88d6 elementor-widget elementor-widget-image\" data-id=\"60f88d6\" data-element_type=\"widget\" data-widget_type=\"image.default\">\n\t\t\t\t<div class=\"elementor-widget-container\">\n\t\t\t\t\t\t\t\t\t\t\t\t\t\t\t<img fetchpriority=\"high\" decoding=\"async\" width=\"920\" height=\"1745\" src=\"https:\/\/www.chateaulesoliviersdesalettes.com\/wp-content\/uploads\/2023\/03\/FAV-HD-NOIR.png\" class=\"attachment-full size-full wp-image-7462\" alt=\"\" srcset=\"https:\/\/www.chateaulesoliviersdesalettes.com\/wp-content\/uploads\/2023\/03\/FAV-HD-NOIR.png 920w, https:\/\/www.chateaulesoliviersdesalettes.com\/wp-content\/uploads\/2023\/03\/FAV-HD-NOIR-158x300.png 158w, https:\/\/www.chateaulesoliviersdesalettes.com\/wp-content\/uploads\/2023\/03\/FAV-HD-NOIR-540x1024.png 540w, https:\/\/www.chateaulesoliviersdesalettes.com\/wp-content\/uploads\/2023\/03\/FAV-HD-NOIR-768x1457.png 768w, https:\/\/www.chateaulesoliviersdesalettes.com\/wp-content\/uploads\/2023\/03\/FAV-HD-NOIR-810x1536.png 810w, https:\/\/www.chateaulesoliviersdesalettes.com\/wp-content\/uploads\/2023\/03\/FAV-HD-NOIR-6x12.png 6w\" sizes=\"(max-width: 920px) 100vw, 920px\" title=\"Foto -\">\t\t\t\t\t\t\t\t\t\t\t\t\t\t\t<\/div>\n\t\t\t\t<\/div>\n\t\t\t\t\t<\/div>\n\t\t<\/div>\n\t\t\t\t<div class=\"elementor-column elementor-col-33 elementor-inner-column elementor-element elementor-element-793bb59\" data-id=\"793bb59\" data-element_type=\"column\">\n\t\t\t<div class=\"elementor-widget-wrap elementor-element-populated\">\n\t\t\t\t\t\t<div class=\"elementor-element elementor-element-64801b7 elementor-widget-divider--view-line elementor-widget elementor-widget-divider\" data-id=\"64801b7\" data-element_type=\"widget\" data-widget_type=\"divider.default\">\n\t\t\t\t<div class=\"elementor-widget-container\">\n\t\t\t\t\t\t\t<div class=\"elementor-divider\">\n\t\t\t<span class=\"elementor-divider-separator\">\n\t\t\t\t\t\t<\/span>\n\t\t<\/div>\n\t\t\t\t\t\t<\/div>\n\t\t\t\t<\/div>\n\t\t\t\t\t<\/div>\n\t\t<\/div>\n\t\t\t\t\t<\/div>\n\t\t<\/section>\n\t\t\t\t<div class=\"elementor-element elementor-element-2752290 elementor-widget elementor-widget-heading\" data-id=\"2752290\" data-element_type=\"widget\" data-widget_type=\"heading.default\">\n\t\t\t\t<div class=\"elementor-widget-container\">\n\t\t\t\t\t<h2 class=\"elementor-heading-title elementor-size-default\">Entdecken Sie unsere Sonderangebote<\/h2>\t\t\t\t<\/div>\n\t\t\t\t<\/div>\n\t\t\t\t<div class=\"elementor-element elementor-element-ab39505 elementor-grid-2 elementor-pagination-type-bullets elementor-grid-tablet-2 elementor-grid-mobile-1 elementor-arrows-position-inside elementor-widget elementor-widget-offers-list\" data-id=\"ab39505\" data-element_type=\"widget\" data-settings=\"{&quot;element_skin&quot;:&quot;card&quot;,&quot;cards_columns&quot;:&quot;2&quot;,&quot;row_gap&quot;:{&quot;unit&quot;:&quot;px&quot;,&quot;size&quot;:50,&quot;sizes&quot;:[]},&quot;space_between&quot;:{&quot;unit&quot;:&quot;px&quot;,&quot;size&quot;:10,&quot;sizes&quot;:[]},&quot;space_between_tablet&quot;:{&quot;unit&quot;:&quot;px&quot;,&quot;size&quot;:10,&quot;sizes&quot;:[]},&quot;space_between_mobile&quot;:{&quot;unit&quot;:&quot;px&quot;,&quot;size&quot;:10,&quot;sizes&quot;:[]},&quot;effect&quot;:&quot;slide&quot;,&quot;autoplay&quot;:&quot;no&quot;,&quot;swiper_arrows&quot;:&quot;yes&quot;,&quot;chevrons_visible&quot;:&quot;hover&quot;,&quot;cursor_grab&quot;:&quot;yes&quot;,&quot;carousel_first_only&quot;:&quot;no&quot;,&quot;infinite&quot;:&quot;yes&quot;,&quot;pagination&quot;:&quot;bullets&quot;,&quot;categories_filter&quot;:[&quot;*&quot;],&quot;item_ignore_filter&quot;:[],&quot;validity_date_format&quot;:&quot;long&quot;,&quot;cards_columns_tablet&quot;:&quot;2&quot;,&quot;cards_columns_mobile&quot;:&quot;1&quot;}\" data-widget_type=\"offers-list.default\">\n\t\t\t\t<div class=\"elementor-widget-container\">\n\t\t\t\t\t                        <div class=\"eliophot-offers eliophot-offers__wrapper eliophot-base-list elementor-grid\">\n                    <input type=\"hidden\" class=\"api_id\" value=\"\">\n                            <div\n                class=\"eliophot-offer__container eliophot-base-list__container elementor-grid-item   eliophot-offer__skin-card eliophot-offer_ID_7670\"\n                data-category=\"\"\n                data-title = \"ESCAPADE DR\u00d4MOISE\"\n                data-name = \"escapade-dromoise\"\n        >\n            \n        <div class=\"eliophot-carousel__slider elementor-swiper\">\n\n                            <div class=\"eliophot-carousel-wrapper elementor-main-swiper swiper\">\n                    <div class=\"elementor-image-carousel swiper-wrapper swiper-image-stretch\">\n                        <!-- Slides -->\n                                                    <div class=\"swiper-slide\">\n                                <div class=\"elementor-carousel-image slide-0-image\" style=\"background-image: url('https:\/\/www.chateaulesoliviersdesalettes.com\/wp-content\/uploads\/2023\/04\/Offres-Privileges-Escapade-dromoise.jpg');\"><\/div>\n                                <link itemprop=\"image\" href=\"https:\/\/www.chateaulesoliviersdesalettes.com\/wp-content\/uploads\/2023\/04\/Offres-Privileges-Escapade-dromoise.jpg\" \/>\n                            <\/div>\n                                            <\/div>\n\n                \n                <\/div>\n            \n        <\/div>\n                    <div class=\"eliophot-offer__body\">\n                        <!-- TODO: if page link enabled -->\n        <h3 class=\"eliophot-offer__title\">\n            <span class=\"title_before\"><\/span>\n            <a  href=\"https:\/\/www.chateaulesoliviersdesalettes.com\/de\/sonderangebote\/eskapade-dromoise\/\">\n                            DR\u00d4MOISE-ESKAPADE            <\/a>\n        <\/h3>\n                    <div class=\"eliophot-offer__summary\">\n                <p\n                                    >\n                                    <\/p>\n            <\/div>\n                        <\/div>\n\n            \n        <div class=\"eliophot-offer__cta\" itemprop=\"offers\" itemscope itemtype=\"https:\/\/schema.org\/Offer\">\n            <div class=\"eliophot-offer__cta_container\">\n                                    <input type=\"hidden\" name=\"id_offer\" value=\"7670\"\/>\n                    <div class=\"eliophot-offer__cta_title\" itemprop=\"priceSpecification\" itemscope itemtype=\"https:\/\/schema.org\/UnitPriceSpecification\">\n                                            <\/div>\n\n                                <div class=\"eliophot-offer__cta_buttons\">\n                \n                                            <a href=\"https:\/\/www.chateaulesoliviersdesalettes.com\/de\/sonderangebote\/eskapade-dromoise\/\" class=\"eliophot-offer__cta_button eliophot-offer__cta_button_second elementor-button-link elementor-button elementor-size-sm\">\n                            Buchen                        <\/a>\n                                    <\/div>\n            <\/div>\n        <\/div>\n                            <\/div>\n                <div\n                class=\"eliophot-offer__container eliophot-base-list__container elementor-grid-item   eliophot-offer__skin-card eliophot-offer_ID_11211\"\n                data-category=\"\"\n                data-title = \"PARENTH\u00c8SE D\u00c9TENTE\"\n                data-name = \"parenthese-detente\"\n        >\n            \n        <div class=\"eliophot-carousel__slider elementor-swiper\">\n\n                            <div class=\"eliophot-carousel-wrapper elementor-main-swiper swiper\">\n                    <div class=\"elementor-image-carousel swiper-wrapper swiper-image-stretch\">\n                        <!-- Slides -->\n                                                    <div class=\"swiper-slide\">\n                                <div class=\"elementor-carousel-image slide-0-image\" style=\"background-image: url('https:\/\/www.chateaulesoliviersdesalettes.com\/wp-content\/uploads\/2025\/12\/AdobeStock_1529204433-scaled.jpeg');\"><\/div>\n                                <link itemprop=\"image\" href=\"https:\/\/www.chateaulesoliviersdesalettes.com\/wp-content\/uploads\/2025\/12\/AdobeStock_1529204433-scaled.jpeg\" \/>\n                            <\/div>\n                                            <\/div>\n\n                \n                <\/div>\n            \n        <\/div>\n                    <div class=\"eliophot-offer__body\">\n                        <!-- TODO: if page link enabled -->\n        <h3 class=\"eliophot-offer__title\">\n            <span class=\"title_before\"><\/span>\n            <a  href=\"https:\/\/www.chateaulesoliviersdesalettes.com\/de\/sonderangebote\/parenthese-detente-2\/\">\n                            ENTSPANNUNGSPAUSE            <\/a>\n        <\/h3>\n                    <div class=\"eliophot-offer__summary\">\n                <p\n                                    >\n                                    <\/p>\n            <\/div>\n                        <\/div>\n\n            \n        <div class=\"eliophot-offer__cta\" itemprop=\"offers\" itemscope itemtype=\"https:\/\/schema.org\/Offer\">\n            <div class=\"eliophot-offer__cta_container\">\n                                    <input type=\"hidden\" name=\"id_offer\" value=\"11211\"\/>\n                    <div class=\"eliophot-offer__cta_title\" itemprop=\"priceSpecification\" itemscope itemtype=\"https:\/\/schema.org\/UnitPriceSpecification\">\n                                            <\/div>\n\n                                <div class=\"eliophot-offer__cta_buttons\">\n                \n                                            <a href=\"https:\/\/www.chateaulesoliviersdesalettes.com\/de\/sonderangebote\/parenthese-detente-2\/\" class=\"eliophot-offer__cta_button eliophot-offer__cta_button_second elementor-button-link elementor-button elementor-size-sm\">\n                            Buchen                        <\/a>\n                                    <\/div>\n            <\/div>\n        <\/div>\n                            <\/div>\n                <div\n                class=\"eliophot-offer__container eliophot-base-list__container elementor-grid-item   eliophot-offer__skin-card eliophot-offer_ID_7691\"\n                data-category=\"\"\n                data-title = \"\u00c9CHAPP\u00c9E GOURMANDE\"\n                data-name = \"echappee-gourmande\"\n        >\n            \n        <div class=\"eliophot-carousel__slider elementor-swiper\">\n\n                            <div class=\"eliophot-carousel-wrapper elementor-main-swiper swiper\">\n                    <div class=\"elementor-image-carousel swiper-wrapper swiper-image-stretch\">\n                        <!-- Slides -->\n                                                    <div class=\"swiper-slide\">\n                                <div class=\"elementor-carousel-image slide-0-image\" style=\"background-image: url('https:\/\/www.chateaulesoliviersdesalettes.com\/wp-content\/uploads\/2024\/07\/2O2A6031.jpg');\"><\/div>\n                                <link itemprop=\"image\" href=\"https:\/\/www.chateaulesoliviersdesalettes.com\/wp-content\/uploads\/2024\/07\/2O2A6031.jpg\" \/>\n                            <\/div>\n                                            <\/div>\n\n                \n                <\/div>\n            \n        <\/div>\n                    <div class=\"eliophot-offer__body\">\n                        <!-- TODO: if page link enabled -->\n        <h3 class=\"eliophot-offer__title\">\n            <span class=\"title_before\"><\/span>\n            <a  href=\"https:\/\/www.chateaulesoliviersdesalettes.com\/de\/sonderangebote\/gourmet-expedition\/\">\n                            GOURMETFLUCHT            <\/a>\n        <\/h3>\n                    <div class=\"eliophot-offer__summary\">\n                <p\n                                    >\n                                    <\/p>\n            <\/div>\n                        <\/div>\n\n            \n        <div class=\"eliophot-offer__cta\" itemprop=\"offers\" itemscope itemtype=\"https:\/\/schema.org\/Offer\">\n            <div class=\"eliophot-offer__cta_container\">\n                                    <input type=\"hidden\" name=\"id_offer\" value=\"7691\"\/>\n                    <div class=\"eliophot-offer__cta_title\" itemprop=\"priceSpecification\" itemscope itemtype=\"https:\/\/schema.org\/UnitPriceSpecification\">\n                                            <\/div>\n\n                                <div class=\"eliophot-offer__cta_buttons\">\n                \n                                            <a href=\"https:\/\/www.chateaulesoliviersdesalettes.com\/de\/sonderangebote\/gourmet-expedition\/\" class=\"eliophot-offer__cta_button eliophot-offer__cta_button_second elementor-button-link elementor-button elementor-size-sm\">\n                            Buchen                        <\/a>\n                                    <\/div>\n            <\/div>\n        <\/div>\n                            <\/div>\n                <div\n                class=\"eliophot-offer__container eliophot-base-list__container elementor-grid-item   eliophot-offer__skin-card eliophot-offer_ID_11655\"\n                data-category=\"\"\n                data-title = \"EN SEMAINE\"\n                data-name = \"en-semaine\"\n        >\n            \n        <div class=\"eliophot-carousel__slider elementor-swiper\">\n\n                            <div class=\"eliophot-carousel-wrapper elementor-main-swiper swiper\">\n                    <div class=\"elementor-image-carousel swiper-wrapper swiper-image-stretch\">\n                        <!-- Slides -->\n                                                    <div class=\"swiper-slide\">\n                                <div class=\"elementor-carousel-image slide-0-image\" style=\"background-image: url('https:\/\/www.chateaulesoliviersdesalettes.com\/wp-content\/uploads\/2024\/10\/ODS_Avril2024_1173_XF-scaled.jpg');\"><\/div>\n                                <link itemprop=\"image\" href=\"https:\/\/www.chateaulesoliviersdesalettes.com\/wp-content\/uploads\/2024\/10\/ODS_Avril2024_1173_XF-scaled.jpg\" \/>\n                            <\/div>\n                                            <\/div>\n\n                \n                <\/div>\n            \n        <\/div>\n                    <div class=\"eliophot-offer__body\">\n                        <!-- TODO: if page link enabled -->\n        <h3 class=\"eliophot-offer__title\">\n            <span class=\"title_before\"><\/span>\n            <a  href=\"https:\/\/www.chateaulesoliviersdesalettes.com\/de\/sonderangebote\/en-semaine\/\">\n                            EN SEMAINE            <\/a>\n        <\/h3>\n                    <div class=\"eliophot-offer__summary\">\n                <p\n                                    >\n                                    <\/p>\n            <\/div>\n                        <\/div>\n\n            \n        <div class=\"eliophot-offer__cta\" itemprop=\"offers\" itemscope itemtype=\"https:\/\/schema.org\/Offer\">\n            <div class=\"eliophot-offer__cta_container\">\n                                    <input type=\"hidden\" name=\"id_offer\" value=\"11655\"\/>\n                    <div class=\"eliophot-offer__cta_title\" itemprop=\"priceSpecification\" itemscope itemtype=\"https:\/\/schema.org\/UnitPriceSpecification\">\n                                            <\/div>\n\n                                <div class=\"eliophot-offer__cta_buttons\">\n                \n                                            <a href=\"https:\/\/www.chateaulesoliviersdesalettes.com\/de\/sonderangebote\/en-semaine\/\" class=\"eliophot-offer__cta_button eliophot-offer__cta_button_second elementor-button-link elementor-button elementor-size-sm\">\n                            Buchen                        <\/a>\n                                    <\/div>\n            <\/div>\n        <\/div>\n                            <\/div>\n                <div\n                class=\"eliophot-offer__container eliophot-base-list__container elementor-grid-item   eliophot-offer__skin-card eliophot-offer_ID_11684\"\n                data-category=\"\"\n                data-title = \"EVASION PRINTANIERE\"\n                data-name = \"evasion-printaniere\"\n        >\n            \n        <div class=\"eliophot-carousel__slider elementor-swiper\">\n\n                            <div class=\"eliophot-carousel-wrapper elementor-main-swiper swiper\">\n                    <div class=\"elementor-image-carousel swiper-wrapper swiper-image-stretch\">\n                        <!-- Slides -->\n                                                    <div class=\"swiper-slide\">\n                                <div class=\"elementor-carousel-image slide-0-image\" style=\"background-image: url('https:\/\/www.chateaulesoliviersdesalettes.com\/wp-content\/uploads\/2024\/05\/ODS_Avril2024_1691_XF-scaled.jpg');\"><\/div>\n                                <link itemprop=\"image\" href=\"https:\/\/www.chateaulesoliviersdesalettes.com\/wp-content\/uploads\/2024\/05\/ODS_Avril2024_1691_XF-scaled.jpg\" \/>\n                            <\/div>\n                                            <\/div>\n\n                \n                <\/div>\n            \n        <\/div>\n                    <div class=\"eliophot-offer__body\">\n                        <!-- TODO: if page link enabled -->\n        <h3 class=\"eliophot-offer__title\">\n            <span class=\"title_before\"><\/span>\n            <a  href=\"https:\/\/www.chateaulesoliviersdesalettes.com\/de\/sonderangebote\/evasion-printaniere\/\">\n                            EVASION PRINTANIERE            <\/a>\n        <\/h3>\n                    <div class=\"eliophot-offer__summary\">\n                <p\n                                    >\n                                    <\/p>\n            <\/div>\n                        <\/div>\n\n            \n        <div class=\"eliophot-offer__cta\" itemprop=\"offers\" itemscope itemtype=\"https:\/\/schema.org\/Offer\">\n            <div class=\"eliophot-offer__cta_container\">\n                                    <input type=\"hidden\" name=\"id_offer\" value=\"11684\"\/>\n                    <div class=\"eliophot-offer__cta_title\" itemprop=\"priceSpecification\" itemscope itemtype=\"https:\/\/schema.org\/UnitPriceSpecification\">\n                                            <\/div>\n\n                                <div class=\"eliophot-offer__cta_buttons\">\n                \n                                            <a href=\"https:\/\/www.chateaulesoliviersdesalettes.com\/de\/sonderangebote\/evasion-printaniere\/\" class=\"eliophot-offer__cta_button eliophot-offer__cta_button_second elementor-button-link elementor-button elementor-size-sm\">\n                            Buchen                        <\/a>\n                                    <\/div>\n            <\/div>\n        <\/div>\n                            <\/div>\n                        <\/div>\n\n                \t\t\t\t<\/div>\n\t\t\t\t<\/div>\n\t\t\t\t\t<\/div>\n\t\t<\/div>\n\t\t\t\t\t<\/div>\n\t\t<\/section>\n\t\t\t\t<\/div>","protected":false},"excerpt":{"rendered":"<p>D\u00e9couvrez nos offres du moment D\u00e9couvrez nos offres sp\u00e9ciales NUIT DE LA SAINT SYLVESTRE R\u00e9server ESCAPADE DR\u00d4MOISE R\u00e9server \u00c9CHAPP\u00c9E GOURMANDE R\u00e9server S\u00c9JOUR D\u00c9TENTE ET GASTRONOMIE R\u00e9server PARENTH\u00c8SE D\u00c9TENTE R\u00e9server S\u00c9JOUR D&#039;EXCEPTION R\u00e9server<\/p>","protected":false},"author":13,"featured_media":2493,"parent":0,"menu_order":0,"comment_status":"closed","ping_status":"closed","template":"","meta":{"inline_featured_image":false,"footnotes":""},"class_list":["post-378","page","type-page","status-publish","has-post-thumbnail","hentry"],"_links":{"self":[{"href":"https:\/\/www.chateaulesoliviersdesalettes.com\/de\/wp-json\/wp\/v2\/pages\/378","targetHints":{"allow":["GET"]}}],"collection":[{"href":"https:\/\/www.chateaulesoliviersdesalettes.com\/de\/wp-json\/wp\/v2\/pages"}],"about":[{"href":"https:\/\/www.chateaulesoliviersdesalettes.com\/de\/wp-json\/wp\/v2\/types\/page"}],"author":[{"embeddable":true,"href":"https:\/\/www.chateaulesoliviersdesalettes.com\/de\/wp-json\/wp\/v2\/users\/13"}],"replies":[{"embeddable":true,"href":"https:\/\/www.chateaulesoliviersdesalettes.com\/de\/wp-json\/wp\/v2\/comments?post=378"}],"version-history":[{"count":232,"href":"https:\/\/www.chateaulesoliviersdesalettes.com\/de\/wp-json\/wp\/v2\/pages\/378\/revisions"}],"predecessor-version":[{"id":11226,"href":"https:\/\/www.chateaulesoliviersdesalettes.com\/de\/wp-json\/wp\/v2\/pages\/378\/revisions\/11226"}],"wp:featuredmedia":[{"embeddable":true,"href":"https:\/\/www.chateaulesoliviersdesalettes.com\/de\/wp-json\/wp\/v2\/media\/2493"}],"wp:attachment":[{"href":"https:\/\/www.chateaulesoliviersdesalettes.com\/de\/wp-json\/wp\/v2\/media?parent=378"}],"curies":[{"name":"wp","href":"https:\/\/api.w.org\/{rel}","templated":true}]}}